{"id":1214,"date":"2022-12-02T17:43:23","date_gmt":"2022-12-02T16:43:23","guid":{"rendered":"http:\/\/www.lesjardinsdehridaya.fr\/?page_id=1214"},"modified":"2026-02-19T17:11:35","modified_gmt":"2026-02-19T16:11:35","slug":"retraites-et-sejours","status":"publish","type":"page","link":"https:\/\/www.lesjardinsdehridaya.fr\/index.php\/retraites-et-sejours\/","title":{"rendered":"Retraites et s\u00e9jours"},"content":{"rendered":"\t\t<div data-elementor-type=\"wp-page\" data-elementor-id=\"1214\" class=\"elementor elementor-1214\">\n\t\t\t\t\t\t<section class=\"elementor-section elementor-top-section elementor-element elementor-element-8ea8176 elementor-section-boxed elementor-section-height-default elementor-section-height-default\" data-id=\"8ea8176\" data-element_type=\"section\">\n\t\t\t\t\t\t<div class=\"elementor-container elementor-column-gap-default\">\n\t\t\t\t\t<div class=\"elementor-column elementor-col-100 elementor-top-column elementor-element elementor-element-0e11aba\" data-id=\"0e11aba\" data-element_type=\"column\">\n\t\t\t<div class=\"elementor-widget-wrap elementor-element-populated\">\n\t\t\t\t\t\t<div class=\"elementor-element elementor-element-2fbe09b elementor-widget elementor-widget-heading\" data-id=\"2fbe09b\" data-element_type=\"widget\" data-widget_type=\"heading.default\">\n\t\t\t\t<div class=\"elementor-widget-container\">\n\t\t\t\t\t<h2 class=\"elementor-heading-title elementor-size-default\">Retraites et s\u00e9jours<\/h2>\t\t\t\t<\/div>\n\t\t\t\t<\/div>\n\t\t\t\t<div class=\"elementor-element elementor-element-f01d73e elementor-widget-divider--view-line elementor-widget elementor-widget-divider\" data-id=\"f01d73e\" data-element_type=\"widget\" data-widget_type=\"divider.default\">\n\t\t\t\t<div class=\"elementor-widget-container\">\n\t\t\t\t\t\t\t<div class=\"elementor-divider\">\n\t\t\t<span class=\"elementor-divider-separator\">\n\t\t\t\t\t\t<\/span>\n\t\t<\/div>\n\t\t\t\t\t\t<\/div>\n\t\t\t\t<\/div>\n\t\t\t\t\t<\/div>\n\t\t<\/div>\n\t\t\t\t\t<\/div>\n\t\t<\/section>\n\t\t\t\t<section class=\"elementor-section elementor-top-section elementor-element elementor-element-ce5113a elementor-section-full_width elementor-section-stretched elementor-section-height-default elementor-section-height-default\" data-id=\"ce5113a\" data-element_type=\"section\" data-settings=\"{&quot;stretch_section&quot;:&quot;section-stretched&quot;}\">\n\t\t\t\t\t\t<div class=\"elementor-container elementor-column-gap-default\">\n\t\t\t\t\t<div class=\"elementor-column elementor-col-100 elementor-top-column elementor-element elementor-element-ffa6d74\" data-id=\"ffa6d74\" data-element_type=\"column\">\n\t\t\t<div class=\"elementor-widget-wrap elementor-element-populated\">\n\t\t\t\t\t\t<div class=\"elementor-element elementor-element-38b2913 elementor-widget__width-inherit elementor-invisible elementor-widget elementor-widget-image\" data-id=\"38b2913\" data-element_type=\"widget\" data-settings=\"{&quot;_animation&quot;:&quot;pulse&quot;}\" data-widget_type=\"image.default\">\n\t\t\t\t<div class=\"elementor-widget-container\">\n\t\t\t\t\t\t\t\t\t\t\t\t\t\t\t<img decoding=\"async\" src=\"https:\/\/www.lesjardinsdehridaya.fr\/wp-content\/uploads\/2023\/02\/coucher-de-soleil-e1734429820627.jpg\" title=\"coucher de soleil\" alt=\"coucher de soleil\" loading=\"lazy\" \/>\t\t\t\t\t\t\t\t\t\t\t\t\t\t\t<\/div>\n\t\t\t\t<\/div>\n\t\t\t\t\t<\/div>\n\t\t<\/div>\n\t\t\t\t\t<\/div>\n\t\t<\/section>\n\t\t\t\t<section class=\"elementor-section elementor-top-section elementor-element elementor-element-af03970 elementor-section-boxed elementor-section-height-default elementor-section-height-default\" data-id=\"af03970\" data-element_type=\"section\">\n\t\t\t\t\t\t<div class=\"elementor-container elementor-column-gap-default\">\n\t\t\t\t\t<div class=\"elementor-column elementor-col-100 elementor-top-column elementor-element elementor-element-176f506\" data-id=\"176f506\" data-element_type=\"column\">\n\t\t\t<div class=\"elementor-widget-wrap elementor-element-populated\">\n\t\t\t\t\t\t<div class=\"elementor-element elementor-element-71dd70e elementor-widget elementor-widget-spacer\" data-id=\"71dd70e\" data-element_type=\"widget\" data-widget_type=\"spacer.default\">\n\t\t\t\t<div class=\"elementor-widget-container\">\n\t\t\t\t\t\t\t<div class=\"elementor-spacer\">\n\t\t\t<div class=\"elementor-spacer-inner\"><\/div>\n\t\t<\/div>\n\t\t\t\t\t\t<\/div>\n\t\t\t\t<\/div>\n\t\t\t\t<div class=\"elementor-element elementor-element-d626f5a elementor-widget elementor-widget-heading\" data-id=\"d626f5a\" data-element_type=\"widget\" data-widget_type=\"heading.default\">\n\t\t\t\t<div class=\"elementor-widget-container\">\n\t\t\t\t\t<h3 class=\"elementor-heading-title elementor-size-default\">Une vie simple \u00e0 la campagne...<\/h3>\t\t\t\t<\/div>\n\t\t\t\t<\/div>\n\t\t\t\t<div class=\"elementor-element elementor-element-4c0b8db elementor-widget elementor-widget-text-editor\" data-id=\"4c0b8db\" data-element_type=\"widget\" data-settings=\"{&quot;_animation&quot;:&quot;none&quot;}\" data-widget_type=\"text-editor.default\">\n\t\t\t\t<div class=\"elementor-widget-container\">\n\t\t\t\t\t\t\t\t\t<p>Dans la dynamique d&rsquo;un renouveau humain, environnemental et soci\u00e9tal, je vous invite, \u00e0 travers un s\u00e9jour, \u00e0 <strong>vous relier \u00e0 la Nature en participant \u00e0 la vie, au rythme des jardins de Hridaya.<\/strong> Venez d\u00e9couvrir des outils vers de l&rsquo;autonomie, vers une libert\u00e9 int\u00e9rieure retrouv\u00e9e, partager vos tr\u00e9sors int\u00e9rieurs.<\/p><p><strong>C&rsquo;est l&rsquo;opportunit\u00e9 de vous r\u00e9g\u00e9n\u00e9rer, de m\u00e9diter, marcher, de vous poser pour \u00e9crire, composer&#8230; de vous relier au Vivant<\/strong> en pr\u00e9sence d&rsquo;Isis, la chatte gardienne des lieux, des oiseaux, biches et insectes butinant les fleurs de sauges, cerisiers, bourraches\u2026<\/p><p><strong>Exp\u00e9rimenter avec authenticit\u00e9 et responsabilit\u00e9 le \u00ab vivre ensemble \u00bb est aussi une volont\u00e9 des jardins de Hridaya quelque soit la dur\u00e9e de votre venue.<br \/><\/strong>Est-ce un r\u00eave fou et utopiste que d&rsquo;esp\u00e9rer incarner notre unicit\u00e9 : faire connaissance avec soi, entrer dans un processus de transformation, d\u2019accomplissement et d\u2019\u00e9veil ensemble? \u00c0 nous de tenter l&rsquo;aventure dans la simplicit\u00e9, l&rsquo;\u00e9coute, la sinc\u00e9rit\u00e9 et la joie!<\/p><p><strong>Lieu sans alcool, sans drogue<\/strong><\/p>\t\t\t\t\t\t\t\t<\/div>\n\t\t\t\t<\/div>\n\t\t\t\t<div class=\"elementor-element elementor-element-978040d elementor-widget elementor-widget-spacer\" data-id=\"978040d\" data-element_type=\"widget\" data-widget_type=\"spacer.default\">\n\t\t\t\t<div class=\"elementor-widget-container\">\n\t\t\t\t\t\t\t<div class=\"elementor-spacer\">\n\t\t\t<div class=\"elementor-spacer-inner\"><\/div>\n\t\t<\/div>\n\t\t\t\t\t\t<\/div>\n\t\t\t\t<\/div>\n\t\t\t\t\t<\/div>\n\t\t<\/div>\n\t\t\t\t\t<\/div>\n\t\t<\/section>\n\t\t\t\t<section class=\"elementor-section elementor-top-section elementor-element elementor-element-d49f8c0 elementor-section-full_width elementor-section-stretched elementor-section-height-default elementor-section-height-default\" data-id=\"d49f8c0\" data-element_type=\"section\" data-settings=\"{&quot;stretch_section&quot;:&quot;section-stretched&quot;}\">\n\t\t\t\t\t\t<div class=\"elementor-container elementor-column-gap-default\">\n\t\t\t\t\t<div class=\"elementor-column elementor-col-50 elementor-top-column elementor-element elementor-element-f910cae elementor-invisible\" data-id=\"f910cae\" data-element_type=\"column\" data-settings=\"{&quot;background_background&quot;:&quot;classic&quot;,&quot;animation&quot;:&quot;fadeIn&quot;}\">\n\t\t\t<div class=\"elementor-widget-wrap elementor-element-populated\">\n\t\t\t\t\t\t<div class=\"elementor-element elementor-element-bea96fe elementor-widget elementor-widget-heading\" data-id=\"bea96fe\" data-element_type=\"widget\" data-widget_type=\"heading.default\">\n\t\t\t\t<div class=\"elementor-widget-container\">\n\t\t\t\t\t<h3 class=\"elementor-heading-title elementor-size-default\">PREMIER CONTACT<\/h3>\t\t\t\t<\/div>\n\t\t\t\t<\/div>\n\t\t\t\t<div class=\"elementor-element elementor-element-a6cfbe6 elementor-widget-mobile__width-inherit elementor-widget elementor-widget-text-editor\" data-id=\"a6cfbe6\" data-element_type=\"widget\" data-settings=\"{&quot;_animation&quot;:&quot;none&quot;}\" data-widget_type=\"text-editor.default\">\n\t\t\t\t<div class=\"elementor-widget-container\">\n\t\t\t\t\t\t\t\t\t<p style=\"sans-serif; font-style: normal;\">Un entretien t\u00e9l\u00e9phonique pr\u00e9pare votre venue et d\u00e9finit avec authenticit\u00e9 les bases d&rsquo;un relationnel simple et bienveillant.&nbsp;<\/p><p style=\"sans-serif; font-style: normal;\">\u00c9tablir la confiance facilite le s\u00e9jour car l&rsquo;\u00e9coute et l&rsquo;attention sont donn\u00e9es d\u00e8s le d\u00e9part.<\/p>\t\t\t\t\t\t\t\t<\/div>\n\t\t\t\t<\/div>\n\t\t\t\t\t<\/div>\n\t\t<\/div>\n\t\t\t\t<div class=\"elementor-column elementor-col-50 elementor-top-column elementor-element elementor-element-cd8e666\" data-id=\"cd8e666\" data-element_type=\"column\" data-settings=\"{&quot;background_background&quot;:&quot;classic&quot;}\">\n\t\t\t<div class=\"elementor-widget-wrap elementor-element-populated\">\n\t\t\t\t\t\t<div class=\"elementor-element elementor-element-e2b434c elementor-widget elementor-widget-image\" data-id=\"e2b434c\" data-element_type=\"widget\" data-widget_type=\"image.default\">\n\t\t\t\t<div class=\"elementor-widget-container\">\n\t\t\t\t\t\t\t\t\t\t\t\t\t\t\t<img decoding=\"async\" src=\"https:\/\/www.lesjardinsdehridaya.fr\/wp-content\/uploads\/elementor\/thumbs\/la-roulotte-en-ete-1-q1wvfhg9r1q412mr999gvu7ca9h8t4z4ifki4211l4.jpg\" title=\"la roulotte en \u00e9t\u00e9\" alt=\"la roulotte en \u00e9t\u00e9\" loading=\"lazy\" \/>\t\t\t\t\t\t\t\t\t\t\t\t\t\t\t<\/div>\n\t\t\t\t<\/div>\n\t\t\t\t\t<\/div>\n\t\t<\/div>\n\t\t\t\t\t<\/div>\n\t\t<\/section>\n\t\t\t\t<section class=\"elementor-section elementor-top-section elementor-element elementor-element-5dcc2ba elementor-section-full_width elementor-section-stretched elementor-section-height-default elementor-section-height-default\" data-id=\"5dcc2ba\" data-element_type=\"section\" data-settings=\"{&quot;stretch_section&quot;:&quot;section-stretched&quot;}\">\n\t\t\t\t\t\t<div class=\"elementor-container elementor-column-gap-default\">\n\t\t\t\t\t<div class=\"elementor-column elementor-col-50 elementor-top-column elementor-element elementor-element-86ceb8a\" data-id=\"86ceb8a\" data-element_type=\"column\" data-settings=\"{&quot;background_background&quot;:&quot;classic&quot;}\">\n\t\t\t<div class=\"elementor-widget-wrap elementor-element-populated\">\n\t\t\t\t\t\t<div class=\"elementor-element elementor-element-c207e22 elementor-hidden-mobile elementor-hidden-tablet elementor-widget__width-inherit elementor-widget elementor-widget-image\" data-id=\"c207e22\" data-element_type=\"widget\" data-widget_type=\"image.default\">\n\t\t\t\t<div class=\"elementor-widget-container\">\n\t\t\t\t\t\t\t\t\t\t\t\t\t\t\t<img decoding=\"async\" src=\"https:\/\/www.lesjardinsdehridaya.fr\/wp-content\/uploads\/elementor\/thumbs\/DSC07970-e1675955692778-q1wv3jw0zre2n9ypxlkyqclot6ai3glsjdflslpyko.jpg\" title=\"fleur jardins de hridaya\" alt=\"fleur jardins de hridaya\" loading=\"lazy\" \/>\t\t\t\t\t\t\t\t\t\t\t\t\t\t\t<\/div>\n\t\t\t\t<\/div>\n\t\t\t\t\t<\/div>\n\t\t<\/div>\n\t\t\t\t<div class=\"elementor-column elementor-col-50 elementor-top-column elementor-element elementor-element-dee319a elementor-invisible\" data-id=\"dee319a\" data-element_type=\"column\" data-settings=\"{&quot;background_background&quot;:&quot;classic&quot;,&quot;animation&quot;:&quot;fadeIn&quot;}\">\n\t\t\t<div class=\"elementor-widget-wrap elementor-element-populated\">\n\t\t\t\t\t\t<div class=\"elementor-element elementor-element-f51234f elementor-widget elementor-widget-heading\" data-id=\"f51234f\" data-element_type=\"widget\" data-widget_type=\"heading.default\">\n\t\t\t\t<div class=\"elementor-widget-container\">\n\t\t\t\t\t<h3 class=\"elementor-heading-title elementor-size-default\">H\u00c9BERGEMENT<\/h3>\t\t\t\t<\/div>\n\t\t\t\t<\/div>\n\t\t\t\t<div class=\"elementor-element elementor-element-9cc29a0 elementor-widget elementor-widget-heading\" data-id=\"9cc29a0\" data-element_type=\"widget\" data-widget_type=\"heading.default\">\n\t\t\t\t<div class=\"elementor-widget-container\">\n\t\t\t\t\t<h3 class=\"elementor-heading-title elementor-size-default\">COMBIEN \u00c7A CO\u00dbTE ?<\/h3>\t\t\t\t<\/div>\n\t\t\t\t<\/div>\n\t\t\t\t<div class=\"elementor-element elementor-element-cd79224 elementor-widget elementor-widget-text-editor\" data-id=\"cd79224\" data-element_type=\"widget\" data-settings=\"{&quot;_animation&quot;:&quot;none&quot;}\" data-widget_type=\"text-editor.default\">\n\t\t\t\t<div class=\"elementor-widget-container\">\n\t\t\t\t\t\t\t\t\t<ul><li><span style=\"font-size: 17px;\">En roulotte tout confort, ou dans votre fourgon, camping-car, caravane&#8230;<\/span><\/li><li>Participation aux cours et activit\u00e9s du lieu possible ainsi qu&rsquo;aux soins propos\u00e9s (en suppl\u00e9ment)<\/li><li>Biblioth\u00e8que ressource \u00e0 disposition<\/li><\/ul>\t\t\t\t\t\t\t\t<\/div>\n\t\t\t\t<\/div>\n\t\t\t\t<div class=\"elementor-element elementor-element-2f5a095 elementor-widget elementor-widget-text-editor\" data-id=\"2f5a095\" data-element_type=\"widget\" data-settings=\"{&quot;_animation&quot;:&quot;none&quot;}\" data-widget_type=\"text-editor.default\">\n\t\t\t\t<div class=\"elementor-widget-container\">\n\t\t\t\t\t\t\t\t\t<ul><li>La nuit\u00e9e en roulotte : 90\u20ac pour 2 personnes avec un minimum de 3 nuits.<\/li><li>Pour une caravane, un fourgon, une tente&#8230; : tarif sur demande<\/li><\/ul><p><em><span style=\"font-size: 17px;\">Il est possible de moduler le prix en fonction de votre participation \u00e0 la vie du lieu (jardin, bricolage), de la dur\u00e9e du s\u00e9jour, de vos moyens financiers.<\/span><\/em><\/p>\t\t\t\t\t\t\t\t<\/div>\n\t\t\t\t<\/div>\n\t\t\t\t\t<\/div>\n\t\t<\/div>\n\t\t\t\t\t<\/div>\n\t\t<\/section>\n\t\t\t\t<section class=\"elementor-section elementor-top-section elementor-element elementor-element-1234b96 elementor-section-full_width elementor-section-stretched elementor-section-height-default elementor-section-height-default\" data-id=\"1234b96\" data-element_type=\"section\" data-settings=\"{&quot;stretch_section&quot;:&quot;section-stretched&quot;,&quot;background_background&quot;:&quot;classic&quot;}\">\n\t\t\t\t\t\t<div class=\"elementor-container elementor-column-gap-default\">\n\t\t\t\t\t<div class=\"elementor-column elementor-col-100 elementor-top-column elementor-element elementor-element-89ceb93\" data-id=\"89ceb93\" data-element_type=\"column\" data-settings=\"{&quot;background_background&quot;:&quot;classic&quot;}\">\n\t\t\t<div class=\"elementor-widget-wrap elementor-element-populated\">\n\t\t\t\t\t\t<div class=\"elementor-element elementor-element-d33e6aa animated-slow elementor-invisible elementor-widget elementor-widget-text-editor\" data-id=\"d33e6aa\" data-element_type=\"widget\" data-settings=\"{&quot;_animation&quot;:&quot;fadeIn&quot;}\" data-widget_type=\"text-editor.default\">\n\t\t\t\t<div class=\"elementor-widget-container\">\n\t\t\t\t\t\t\t\t\t<p>YOGA<br \/>YOGA DU SON<br \/>CREATION ARTISTIQUE<br \/>CUISINE AUX MULTIPLES COULEURS<br \/>PRATIQUE ENERGETIQUE<br \/>ACCOMPAGNEMENT PERSONNALISE<br \/>MEDITATION<br \/>BALADES (CHAPELLES, CHEMINS DE RANDONNEES, CUEILLETTES DE FRUITS, DE CHAMPIGNONS)<br \/>MASSAGES AYURVEDIQUES<br \/>EM (MICRO-ORGANISMES EFFICACES)<br \/>RIRES, JEUX ET PARTAGES\u2026<\/p>\t\t\t\t\t\t\t\t<\/div>\n\t\t\t\t<\/div>\n\t\t\t\t\t<\/div>\n\t\t<\/div>\n\t\t\t\t\t<\/div>\n\t\t<\/section>\n\t\t\t\t<\/div>\n\t\t","protected":false},"excerpt":{"rendered":"<p>Retraites et s\u00e9jours Une vie simple \u00e0 la campagne&#8230; Dans la dynamique d&rsquo;un renouveau humain, environnemental et soci\u00e9tal, je vous invite, \u00e0 travers un s\u00e9jour, \u00e0 vous relier \u00e0 la&#8230;<\/p>\n","protected":false},"author":1,"featured_media":0,"parent":0,"menu_order":0,"comment_status":"closed","ping_status":"closed","template":"","meta":{"_kad_post_transparent":"","_kad_post_title":"","_kad_post_layout":"","_kad_post_sidebar_id":"","_kad_post_content_style":"","_kad_post_vertical_padding":"","_kad_post_feature":"","_kad_post_feature_position":"","_kad_post_header":false,"_kad_post_footer":false,"footnotes":""},"class_list":["post-1214","page","type-page","status-publish","hentry"],"_links":{"self":[{"href":"https:\/\/www.lesjardinsdehridaya.fr\/index.php\/wp-json\/wp\/v2\/pages\/1214","targetHints":{"allow":["GET"]}}],"collection":[{"href":"https:\/\/www.lesjardinsdehridaya.fr\/index.php\/wp-json\/wp\/v2\/pages"}],"about":[{"href":"https:\/\/www.lesjardinsdehridaya.fr\/index.php\/wp-json\/wp\/v2\/types\/page"}],"author":[{"embeddable":true,"href":"https:\/\/www.lesjardinsdehridaya.fr\/index.php\/wp-json\/wp\/v2\/users\/1"}],"replies":[{"embeddable":true,"href":"https:\/\/www.lesjardinsdehridaya.fr\/index.php\/wp-json\/wp\/v2\/comments?post=1214"}],"version-history":[{"count":210,"href":"https:\/\/www.lesjardinsdehridaya.fr\/index.php\/wp-json\/wp\/v2\/pages\/1214\/revisions"}],"predecessor-version":[{"id":2885,"href":"https:\/\/www.lesjardinsdehridaya.fr\/index.php\/wp-json\/wp\/v2\/pages\/1214\/revisions\/2885"}],"wp:attachment":[{"href":"https:\/\/www.lesjardinsdehridaya.fr\/index.php\/wp-json\/wp\/v2\/media?parent=1214"}],"curies":[{"name":"wp","href":"https:\/\/api.w.org\/{rel}","templated":true}]}}