{"id":1965,"date":"2023-02-10T16:01:50","date_gmt":"2023-02-10T15:01:50","guid":{"rendered":"http:\/\/www.lesjardinsdehridaya.fr\/?page_id=1965"},"modified":"2026-02-19T17:07:07","modified_gmt":"2026-02-19T16:07:07","slug":"cures-ayurvediques","status":"publish","type":"page","link":"https:\/\/www.lesjardinsdehridaya.fr\/index.php\/cures-ayurvediques\/","title":{"rendered":"Cures Ayurv\u00e9diques"},"content":{"rendered":"\t\t<div data-elementor-type=\"wp-page\" data-elementor-id=\"1965\" class=\"elementor elementor-1965\">\n\t\t\t\t\t\t<section class=\"elementor-section elementor-top-section elementor-element elementor-element-8ea8176 elementor-section-boxed elementor-section-height-default elementor-section-height-default\" data-id=\"8ea8176\" data-element_type=\"section\">\n\t\t\t\t\t\t<div class=\"elementor-container elementor-column-gap-default\">\n\t\t\t\t\t<div class=\"elementor-column elementor-col-100 elementor-top-column elementor-element elementor-element-0e11aba\" data-id=\"0e11aba\" data-element_type=\"column\">\n\t\t\t<div class=\"elementor-widget-wrap elementor-element-populated\">\n\t\t\t\t\t\t<div class=\"elementor-element elementor-element-2fbe09b elementor-widget elementor-widget-heading\" data-id=\"2fbe09b\" data-element_type=\"widget\" data-widget_type=\"heading.default\">\n\t\t\t\t<div class=\"elementor-widget-container\">\n\t\t\t\t\t<h2 class=\"elementor-heading-title elementor-size-default\">Cures Ayurv\u00e9diques<\/h2>\t\t\t\t<\/div>\n\t\t\t\t<\/div>\n\t\t\t\t<div class=\"elementor-element elementor-element-f01d73e elementor-widget-divider--view-line elementor-widget elementor-widget-divider\" data-id=\"f01d73e\" data-element_type=\"widget\" data-widget_type=\"divider.default\">\n\t\t\t\t<div class=\"elementor-widget-container\">\n\t\t\t\t\t\t\t<div class=\"elementor-divider\">\n\t\t\t<span class=\"elementor-divider-separator\">\n\t\t\t\t\t\t<\/span>\n\t\t<\/div>\n\t\t\t\t\t\t<\/div>\n\t\t\t\t<\/div>\n\t\t\t\t\t<\/div>\n\t\t<\/div>\n\t\t\t\t\t<\/div>\n\t\t<\/section>\n\t\t\t\t<section class=\"elementor-section elementor-top-section elementor-element elementor-element-ce5113a elementor-section-full_width elementor-section-stretched elementor-section-height-default elementor-section-height-default\" data-id=\"ce5113a\" data-element_type=\"section\" data-settings=\"{&quot;stretch_section&quot;:&quot;section-stretched&quot;}\">\n\t\t\t\t\t\t<div class=\"elementor-container elementor-column-gap-default\">\n\t\t\t\t\t<div class=\"elementor-column elementor-col-100 elementor-top-column elementor-element elementor-element-ffa6d74\" data-id=\"ffa6d74\" data-element_type=\"column\">\n\t\t\t<div class=\"elementor-widget-wrap elementor-element-populated\">\n\t\t\t\t\t\t<div class=\"elementor-element elementor-element-d626f5a elementor-widget elementor-widget-heading\" data-id=\"d626f5a\" data-element_type=\"widget\" data-widget_type=\"heading.default\">\n\t\t\t\t<div class=\"elementor-widget-container\">\n\t\t\t\t\t<h3 class=\"elementor-heading-title elementor-size-default\">Vivez au quotidien joie d'\u00eatre, sant\u00e9 retrouv\u00e9e et reliance \u00e0 la nature en ce lieu Re-source au c\u0153ur de la Gascogne<\/h3>\t\t\t\t<\/div>\n\t\t\t\t<\/div>\n\t\t\t\t<div class=\"elementor-element elementor-element-38b2913 elementor-widget__width-inherit elementor-invisible elementor-widget elementor-widget-image\" data-id=\"38b2913\" data-element_type=\"widget\" data-settings=\"{&quot;_animation&quot;:&quot;pulse&quot;}\" data-widget_type=\"image.default\">\n\t\t\t\t<div class=\"elementor-widget-container\">\n\t\t\t\t\t\t\t\t\t\t\t\t\t\t\t<img decoding=\"async\" src=\"https:\/\/www.lesjardinsdehridaya.fr\/wp-content\/uploads\/2023\/02\/LA-MAISON-COMMUNE-e1676039657541.jpg\" title=\"LA MAISON COMMUNE\" alt=\"LA MAISON COMMUNE\" loading=\"lazy\" \/>\t\t\t\t\t\t\t\t\t\t\t\t\t\t\t<\/div>\n\t\t\t\t<\/div>\n\t\t\t\t\t<\/div>\n\t\t<\/div>\n\t\t\t\t\t<\/div>\n\t\t<\/section>\n\t\t\t\t<section class=\"elementor-section elementor-top-section elementor-element elementor-element-af03970 elementor-section-boxed elementor-section-height-default elementor-section-height-default\" data-id=\"af03970\" data-element_type=\"section\">\n\t\t\t\t\t\t<div class=\"elementor-container elementor-column-gap-default\">\n\t\t\t\t\t<div class=\"elementor-column elementor-col-100 elementor-top-column elementor-element elementor-element-176f506\" data-id=\"176f506\" data-element_type=\"column\">\n\t\t\t<div class=\"elementor-widget-wrap elementor-element-populated\">\n\t\t\t\t\t\t<div class=\"elementor-element elementor-element-71dd70e elementor-widget elementor-widget-spacer\" data-id=\"71dd70e\" data-element_type=\"widget\" data-widget_type=\"spacer.default\">\n\t\t\t\t<div class=\"elementor-widget-container\">\n\t\t\t\t\t\t\t<div class=\"elementor-spacer\">\n\t\t\t<div class=\"elementor-spacer-inner\"><\/div>\n\t\t<\/div>\n\t\t\t\t\t\t<\/div>\n\t\t\t\t<\/div>\n\t\t\t\t<div class=\"elementor-element elementor-element-de3887c e-transform elementor-widget elementor-widget-heading\" data-id=\"de3887c\" data-element_type=\"widget\" data-settings=\"{&quot;_transform_scale_effect&quot;:{&quot;unit&quot;:&quot;px&quot;,&quot;size&quot;:&quot;&quot;,&quot;sizes&quot;:[]},&quot;_transform_scale_effect_tablet&quot;:{&quot;unit&quot;:&quot;px&quot;,&quot;size&quot;:&quot;&quot;,&quot;sizes&quot;:[]},&quot;_transform_scale_effect_mobile&quot;:{&quot;unit&quot;:&quot;px&quot;,&quot;size&quot;:&quot;&quot;,&quot;sizes&quot;:[]}}\" data-widget_type=\"heading.default\">\n\t\t\t\t<div class=\"elementor-widget-container\">\n\t\t\t\t\t<h3 class=\"elementor-heading-title elementor-size-default\">D\u00c9TENTE . \u00c9COUTE . RESSOURCEMENT . RELIANCE<\/h3>\t\t\t\t<\/div>\n\t\t\t\t<\/div>\n\t\t\t\t<div class=\"elementor-element elementor-element-4c0b8db elementor-widget elementor-widget-text-editor\" data-id=\"4c0b8db\" data-element_type=\"widget\" data-settings=\"{&quot;_animation&quot;:&quot;none&quot;}\" data-widget_type=\"text-editor.default\">\n\t\t\t\t<div class=\"elementor-widget-container\">\n\t\t\t\t\t\t\t\t\t<p>La cure est un p<strong>artenariat patient-th\u00e9rapeute.<\/strong> Le programme est \u00e9labor\u00e9 apr\u00e8s un entretien qui fixe la dur\u00e9e et son contenu. Il s&rsquo;adapte aux besoins, n\u00e9cessit\u00e9s, possibilit\u00e9s de chacun. Le but est toujours le m\u00eame: un \u00e9quilibre et un accomplissement de Soi dans les diff\u00e9rents domaines de sa vie.<br \/>La cure est un espace intime.<\/p><p><strong>Elle transforme les souffrances, apaise le corps et l&rsquo;esprit. Elle redonne la force et la joie de Vie que nous perdons quelquefois.<\/strong> Elle permet aussi de faire un point dans un moment important. Une cure annuelle est essentielle en pr\u00e9vention.<\/p>\t\t\t\t\t\t\t\t<\/div>\n\t\t\t\t<\/div>\n\t\t\t\t<div class=\"elementor-element elementor-element-08ce196 elementor-widget elementor-widget-spacer\" data-id=\"08ce196\" data-element_type=\"widget\" data-widget_type=\"spacer.default\">\n\t\t\t\t<div class=\"elementor-widget-container\">\n\t\t\t\t\t\t\t<div class=\"elementor-spacer\">\n\t\t\t<div class=\"elementor-spacer-inner\"><\/div>\n\t\t<\/div>\n\t\t\t\t\t\t<\/div>\n\t\t\t\t<\/div>\n\t\t\t\t\t<\/div>\n\t\t<\/div>\n\t\t\t\t\t<\/div>\n\t\t<\/section>\n\t\t\t\t<section class=\"elementor-section elementor-top-section elementor-element elementor-element-64e9d9f elementor-section-full_width elementor-section-stretched elementor-section-height-default elementor-section-height-default\" data-id=\"64e9d9f\" data-element_type=\"section\" data-settings=\"{&quot;stretch_section&quot;:&quot;section-stretched&quot;}\">\n\t\t\t\t\t\t<div class=\"elementor-container elementor-column-gap-default\">\n\t\t\t\t\t<div class=\"elementor-column elementor-col-100 elementor-top-column elementor-element elementor-element-54663d8\" data-id=\"54663d8\" data-element_type=\"column\">\n\t\t\t<div class=\"elementor-widget-wrap elementor-element-populated\">\n\t\t\t\t\t\t<div class=\"elementor-element elementor-element-d08a18e elementor-widget__width-inherit elementor-widget elementor-widget-image\" data-id=\"d08a18e\" data-element_type=\"widget\" data-widget_type=\"image.default\">\n\t\t\t\t<div class=\"elementor-widget-container\">\n\t\t\t\t\t\t\t\t\t\t\t\t\t\t\t<img fetchpriority=\"high\" decoding=\"async\" width=\"2560\" height=\"1180\" src=\"https:\/\/www.lesjardinsdehridaya.fr\/wp-content\/uploads\/2023\/02\/les-jardins-de-Hridaya-en-hiver-1-scaled.jpg\" class=\"attachment-full size-full wp-image-1979\" alt=\"\" srcset=\"https:\/\/www.lesjardinsdehridaya.fr\/wp-content\/uploads\/2023\/02\/les-jardins-de-Hridaya-en-hiver-1-scaled.jpg 2560w, https:\/\/www.lesjardinsdehridaya.fr\/wp-content\/uploads\/2023\/02\/les-jardins-de-Hridaya-en-hiver-1-400x184.jpg 400w, https:\/\/www.lesjardinsdehridaya.fr\/wp-content\/uploads\/2023\/02\/les-jardins-de-Hridaya-en-hiver-1-1024x472.jpg 1024w, https:\/\/www.lesjardinsdehridaya.fr\/wp-content\/uploads\/2023\/02\/les-jardins-de-Hridaya-en-hiver-1-768x354.jpg 768w, https:\/\/www.lesjardinsdehridaya.fr\/wp-content\/uploads\/2023\/02\/les-jardins-de-Hridaya-en-hiver-1-1536x708.jpg 1536w, https:\/\/www.lesjardinsdehridaya.fr\/wp-content\/uploads\/2023\/02\/les-jardins-de-Hridaya-en-hiver-1-2048x944.jpg 2048w\" sizes=\"(max-width: 2560px) 100vw, 2560px\" \/>\t\t\t\t\t\t\t\t\t\t\t\t\t\t\t<\/div>\n\t\t\t\t<\/div>\n\t\t\t\t\t<\/div>\n\t\t<\/div>\n\t\t\t\t\t<\/div>\n\t\t<\/section>\n\t\t\t\t<section class=\"elementor-section elementor-top-section elementor-element elementor-element-384a896 elementor-section-boxed elementor-section-height-default elementor-section-height-default\" data-id=\"384a896\" data-element_type=\"section\">\n\t\t\t\t\t\t<div class=\"elementor-container elementor-column-gap-default\">\n\t\t\t\t\t<div class=\"elementor-column elementor-col-100 elementor-top-column elementor-element elementor-element-cdf7054 elementor-invisible\" data-id=\"cdf7054\" data-element_type=\"column\" data-settings=\"{&quot;background_background&quot;:&quot;classic&quot;,&quot;animation&quot;:&quot;fadeIn&quot;}\">\n\t\t\t<div class=\"elementor-widget-wrap elementor-element-populated\">\n\t\t\t\t\t\t<div class=\"elementor-element elementor-element-f51234f elementor-widget elementor-widget-heading\" data-id=\"f51234f\" data-element_type=\"widget\" data-widget_type=\"heading.default\">\n\t\t\t\t<div class=\"elementor-widget-container\">\n\t\t\t\t\t<h3 class=\"elementor-heading-title elementor-size-default\">UNE JOURN\u00c9E DE CURE<br>...<\/h3>\t\t\t\t<\/div>\n\t\t\t\t<\/div>\n\t\t\t\t<div class=\"elementor-element elementor-element-aabf3c2 elementor-widget elementor-widget-text-editor\" data-id=\"aabf3c2\" data-element_type=\"widget\" data-settings=\"{&quot;_animation&quot;:&quot;none&quot;}\" data-widget_type=\"text-editor.default\">\n\t\t\t\t<div class=\"elementor-widget-container\">\n\t\t\t\t\t\t\t\t\t<p><strong>LE MATIN<\/strong><br \/>D&rsquo;abord un temps d&rsquo;entretien (sant\u00e9, conseils alimentaires, d\u00e9veloppement personnel&#8230;), puis la prise des pouls ayurv\u00e9diques et l&rsquo;abhyanga (massage aux huiles chaudes). Ce dernier apporte un bien-\u00eatre profond, facilite l&rsquo;\u00e9limination des toxines et fatigues physiques, \u00e9motionnelles ou mentales. <br \/>Il \u00e9quilibre les 3 doshas.<\/p><p><strong>LES REPAS \u00ab\u00a0DETOX\u00a0\u00bb<\/strong><br \/>Ici tout est bio, fait maison avec les produits du jardin ou des jardins voisins. Ma volont\u00e9 est d&rsquo;aider le corps \u00e0 se nettoyer, \u00e0 se r\u00e9g\u00e9n\u00e9rer, \u00e0 retrouver son pouvoir de gu\u00e9rison. La cuisine est l\u00e9g\u00e8re, v\u00e9g\u00e9tarienne (ou pas!) et surtout d\u00e9licieuse!!<\/p><p><strong>L&rsquo;APRES-MIDI<\/strong><br \/>C&rsquo;est le temps d&rsquo;un massage profond de la t\u00eate, d&rsquo;un massage au bol kansu, d&rsquo;un soin \u00e9nerg\u00e9tique suivant les besoins du moment.<\/p><p><strong>REPAS DU SOIR<\/strong><br \/>Un jus frais \u00e0 l&rsquo;extracteur, un smoothie ou une soupe sera pris ensemble dans le jardin\u2026 ou au coin du feu !<br \/>Ce n&rsquo;est qu&rsquo;une proposition qui sera \u00e0 l&rsquo;\u00e9coute de vos besoins.<br \/>Vous \u00eates invit\u00e9(e) \u00e0 participer aux cours de yoga du soir.<\/p>\t\t\t\t\t\t\t\t<\/div>\n\t\t\t\t<\/div>\n\t\t\t\t\t<\/div>\n\t\t<\/div>\n\t\t\t\t\t<\/div>\n\t\t<\/section>\n\t\t\t\t<section class=\"elementor-section elementor-top-section elementor-element elementor-element-5dcc2ba elementor-section-full_width elementor-section-stretched elementor-section-height-default elementor-section-height-default\" data-id=\"5dcc2ba\" data-element_type=\"section\" data-settings=\"{&quot;stretch_section&quot;:&quot;section-stretched&quot;,&quot;background_background&quot;:&quot;classic&quot;}\">\n\t\t\t\t\t\t<div class=\"elementor-container elementor-column-gap-default\">\n\t\t\t\t\t<div class=\"elementor-column elementor-col-50 elementor-top-column elementor-element elementor-element-86ceb8a\" data-id=\"86ceb8a\" data-element_type=\"column\" data-settings=\"{&quot;background_background&quot;:&quot;classic&quot;}\">\n\t\t\t<div class=\"elementor-widget-wrap elementor-element-populated\">\n\t\t\t\t\t\t<div class=\"elementor-element elementor-element-978040d elementor-widget elementor-widget-spacer\" data-id=\"978040d\" data-element_type=\"widget\" data-widget_type=\"spacer.default\">\n\t\t\t\t<div class=\"elementor-widget-container\">\n\t\t\t\t\t\t\t<div class=\"elementor-spacer\">\n\t\t\t<div class=\"elementor-spacer-inner\"><\/div>\n\t\t<\/div>\n\t\t\t\t\t\t<\/div>\n\t\t\t\t<\/div>\n\t\t\t\t<div class=\"elementor-element elementor-element-810243b elementor-pagination-position-inside elementor-widget elementor-widget-image-carousel\" data-id=\"810243b\" data-element_type=\"widget\" data-settings=\"{&quot;slides_to_show&quot;:&quot;1&quot;,&quot;navigation&quot;:&quot;dots&quot;,&quot;effect&quot;:&quot;fade&quot;,&quot;autoplay&quot;:&quot;yes&quot;,&quot;pause_on_hover&quot;:&quot;yes&quot;,&quot;pause_on_interaction&quot;:&quot;yes&quot;,&quot;autoplay_speed&quot;:5000,&quot;infinite&quot;:&quot;yes&quot;,&quot;speed&quot;:500}\" data-widget_type=\"image-carousel.default\">\n\t\t\t\t<div class=\"elementor-widget-container\">\n\t\t\t\t\t\t\t<div class=\"elementor-image-carousel-wrapper swiper\" role=\"region\" aria-roledescription=\"carousel\" aria-label=\"Carrousel d\u2019images\" dir=\"ltr\">\n\t\t\t<div class=\"elementor-image-carousel swiper-wrapper swiper-image-stretch\" aria-live=\"off\">\n\t\t\t\t\t\t\t\t<div class=\"swiper-slide\" role=\"group\" aria-roledescription=\"slide\" aria-label=\"1 sur 3\"><figure class=\"swiper-slide-inner\"><img decoding=\"async\" class=\"swiper-slide-image\" src=\"https:\/\/www.lesjardinsdehridaya.fr\/wp-content\/uploads\/2023\/02\/vue-aerienne-de-la-roulotte-scaled-e1676281715452.jpg\" alt=\"vue a\u00e9rienne de la roulotte\" \/><\/figure><\/div><div class=\"swiper-slide\" role=\"group\" aria-roledescription=\"slide\" aria-label=\"2 sur 3\"><figure class=\"swiper-slide-inner\"><img decoding=\"async\" class=\"swiper-slide-image\" src=\"https:\/\/www.lesjardinsdehridaya.fr\/wp-content\/uploads\/2023\/01\/la-roulotte-\u00e0-l_int\u00e9rieur-scaled-e1676281816868.jpg\" alt=\"la roulotte \u00e0 l_int\u00e9rieur\" \/><\/figure><\/div><div class=\"swiper-slide\" role=\"group\" aria-roledescription=\"slide\" aria-label=\"3 sur 3\"><figure class=\"swiper-slide-inner\"><img decoding=\"async\" class=\"swiper-slide-image\" src=\"https:\/\/www.lesjardinsdehridaya.fr\/wp-content\/uploads\/2023\/01\/DSC01545-e1676281945937.jpg\" alt=\"jardins de hridaya cure\" \/><\/figure><\/div>\t\t\t<\/div>\n\t\t\t\t\t\t\t\n\t\t\t\t\t\t\t\t\t<div class=\"swiper-pagination\"><\/div>\n\t\t\t\t\t\t\t\t\t<\/div>\n\t\t\t\t\t\t<\/div>\n\t\t\t\t<\/div>\n\t\t\t\t\t<\/div>\n\t\t<\/div>\n\t\t\t\t<div class=\"elementor-column elementor-col-50 elementor-top-column elementor-element elementor-element-dee319a elementor-invisible\" data-id=\"dee319a\" data-element_type=\"column\" data-settings=\"{&quot;background_background&quot;:&quot;classic&quot;,&quot;animation&quot;:&quot;fadeIn&quot;}\">\n\t\t\t<div class=\"elementor-widget-wrap elementor-element-populated\">\n\t\t\t\t\t\t<div class=\"elementor-element elementor-element-c046685 elementor-widget elementor-widget-heading\" data-id=\"c046685\" data-element_type=\"widget\" data-widget_type=\"heading.default\">\n\t\t\t\t<div class=\"elementor-widget-container\">\n\t\t\t\t\t<h3 class=\"elementor-heading-title elementor-size-default\">H\u00c9BERGEMENT<\/h3>\t\t\t\t<\/div>\n\t\t\t\t<\/div>\n\t\t\t\t<div class=\"elementor-element elementor-element-cd79224 elementor-widget elementor-widget-text-editor\" data-id=\"cd79224\" data-element_type=\"widget\" data-settings=\"{&quot;_animation&quot;:&quot;none&quot;}\" data-widget_type=\"text-editor.default\">\n\t\t\t\t<div class=\"elementor-widget-container\">\n\t\t\t\t\t\t\t\t\t<ul><li><strong>En roulotte tout confort<\/strong>\u00a0avec douche, coin cuisine, chambre, chauffage \u00e9lectrique ou petit po\u00eale \u00e0 bois\u2026 un petit cocon ind\u00e9pendant avec un espace ext\u00e9rieur pour votre intimit\u00e9\u2026.<\/li><li>Dans la <strong>chambre d&rsquo;h\u00f4te\u00a0<\/strong>tout fra\u00eechement restaur\u00e9e\u00a0!<\/li><li>En <strong>caravane, camping-car ou camion am\u00e9nag\u00e9<\/strong> : <br \/>un emplacement vous est r\u00e9serv\u00e9 sous le ch\u00eane (branchement eau et \u00e9lectricit\u00e9 possible).<\/li><\/ul>\t\t\t\t\t\t\t\t<\/div>\n\t\t\t\t<\/div>\n\t\t\t\t<div class=\"elementor-element elementor-element-9cc29a0 elementor-widget elementor-widget-heading\" data-id=\"9cc29a0\" data-element_type=\"widget\" data-widget_type=\"heading.default\">\n\t\t\t\t<div class=\"elementor-widget-container\">\n\t\t\t\t\t<h3 class=\"elementor-heading-title elementor-size-default\">COMBIEN \u00c7A CO\u00dbTE ?<\/h3>\t\t\t\t<\/div>\n\t\t\t\t<\/div>\n\t\t\t\t<div class=\"elementor-element elementor-element-2f5a095 elementor-widget elementor-widget-text-editor\" data-id=\"2f5a095\" data-element_type=\"widget\" data-settings=\"{&quot;_animation&quot;:&quot;none&quot;}\" data-widget_type=\"text-editor.default\">\n\t\t\t\t<div class=\"elementor-widget-container\">\n\t\t\t\t\t\t\t\t\t<ul>\n<li>LA CURE : est \u00e9tabli apr\u00e8s un&nbsp;<b>\u00e9change t\u00e9l\u00e9phonique qui permet de faire connaissance et d&rsquo;\u00e9laborer le programme<\/b>&nbsp;de 3 ou 5 jours en fonction du besoin et des disponibilit\u00e9s. <br><em>J&rsquo;accueille une seule cure \u00e0 la fois (sauf si vous venez \u00e0 deux) ; (entre 1000 et 1500\u20ac pour 5 jours en fonction du nombre de soins tout compris).<\/em><\/li>\n<li>L&rsquo;H\u00c9BERGEMENT : 90 \u20ac&nbsp;<span style=\"font-family: Philosopher, sans-serif; font-size: 17px; font-style: normal; font-weight: 400;\">la nuit\u00e9e&nbsp;<\/span>pour 1 ou 2 personnes en roulotte et chambre d&rsquo;h\u00f4te. Tarifs autres sur demande.<\/li>\n<\/ul>\t\t\t\t\t\t\t\t<\/div>\n\t\t\t\t<\/div>\n\t\t\t\t\t<\/div>\n\t\t<\/div>\n\t\t\t\t\t<\/div>\n\t\t<\/section>\n\t\t\t\t<section class=\"elementor-section elementor-top-section elementor-element elementor-element-10ff5e0 elementor-section-full_width elementor-section-stretched elementor-section-height-default elementor-section-height-default\" data-id=\"10ff5e0\" data-element_type=\"section\" data-settings=\"{&quot;stretch_section&quot;:&quot;section-stretched&quot;}\">\n\t\t\t\t\t\t<div class=\"elementor-container elementor-column-gap-default\">\n\t\t\t\t\t<div class=\"elementor-column elementor-col-50 elementor-top-column elementor-element elementor-element-6019396 elementor-invisible\" data-id=\"6019396\" data-element_type=\"column\" data-settings=\"{&quot;background_background&quot;:&quot;classic&quot;,&quot;animation&quot;:&quot;fadeIn&quot;}\">\n\t\t\t<div class=\"elementor-widget-wrap elementor-element-populated\">\n\t\t\t\t\t\t<div class=\"elementor-element elementor-element-0d6bc2f elementor-widget elementor-widget-heading\" data-id=\"0d6bc2f\" data-element_type=\"widget\" data-widget_type=\"heading.default\">\n\t\t\t\t<div class=\"elementor-widget-container\">\n\t\t\t\t\t<h3 class=\"elementor-heading-title elementor-size-default\">LES PLUS<\/h3>\t\t\t\t<\/div>\n\t\t\t\t<\/div>\n\t\t\t\t<div class=\"elementor-element elementor-element-4b88924 elementor-widget elementor-widget-text-editor\" data-id=\"4b88924\" data-element_type=\"widget\" data-settings=\"{&quot;_animation&quot;:&quot;none&quot;}\" data-widget_type=\"text-editor.default\">\n\t\t\t\t<div class=\"elementor-widget-container\">\n\t\t\t\t\t\t\t\t\t<ul><li>Une biblioth\u00e8que est \u00e0 votre disposition : diff\u00e9rents th\u00e8mes comme yoga, la sant\u00e9 autrement, d\u00e9veloppement personnel, spiritualit\u00e9, jardin et permaculture\u2026<\/li><\/ul><ul><li>La maison commune est un espace ouvert, collectif pour vous \u00e0 chaque instant. Aux jardins de Hridaya, la simplicit\u00e9 et la convivialit\u00e9 sont essentielles.<\/li><\/ul>\t\t\t\t\t\t\t\t<\/div>\n\t\t\t\t<\/div>\n\t\t\t\t\t<\/div>\n\t\t<\/div>\n\t\t\t\t<div class=\"elementor-column elementor-col-50 elementor-top-column elementor-element elementor-element-75d2d66\" data-id=\"75d2d66\" data-element_type=\"column\" data-settings=\"{&quot;background_background&quot;:&quot;classic&quot;}\">\n\t\t\t<div class=\"elementor-widget-wrap elementor-element-populated\">\n\t\t\t\t\t\t<div class=\"elementor-element elementor-element-c42cfdf elementor-widget elementor-widget-image\" data-id=\"c42cfdf\" data-element_type=\"widget\" data-widget_type=\"image.default\">\n\t\t\t\t<div class=\"elementor-widget-container\">\n\t\t\t\t\t\t\t\t\t\t\t\t\t\t\t<img decoding=\"async\" src=\"https:\/\/www.lesjardinsdehridaya.fr\/wp-content\/uploads\/elementor\/thumbs\/bibliotheque-scaled-q1ylct86vhi7v0erjw9hk9xsb5eqq18zokrzngl07c.jpg\" title=\"biblioth\u00e8que\" alt=\"biblioth\u00e8que\" loading=\"lazy\" \/>\t\t\t\t\t\t\t\t\t\t\t\t\t\t\t<\/div>\n\t\t\t\t<\/div>\n\t\t\t\t\t<\/div>\n\t\t<\/div>\n\t\t\t\t\t<\/div>\n\t\t<\/section>\n\t\t\t\t<section class=\"elementor-section elementor-top-section elementor-element elementor-element-1234b96 elementor-section-full_width elementor-section-stretched elementor-section-height-default elementor-section-height-default\" data-id=\"1234b96\" data-element_type=\"section\" data-settings=\"{&quot;stretch_section&quot;:&quot;section-stretched&quot;,&quot;background_background&quot;:&quot;classic&quot;}\">\n\t\t\t\t\t\t<div class=\"elementor-container elementor-column-gap-default\">\n\t\t\t\t\t<div class=\"elementor-column elementor-col-100 elementor-top-column elementor-element elementor-element-89ceb93\" data-id=\"89ceb93\" data-element_type=\"column\" data-settings=\"{&quot;background_background&quot;:&quot;classic&quot;}\">\n\t\t\t<div class=\"elementor-widget-wrap elementor-element-populated\">\n\t\t\t\t\t\t<div class=\"elementor-element elementor-element-d33e6aa animated-slow elementor-invisible elementor-widget elementor-widget-text-editor\" data-id=\"d33e6aa\" data-element_type=\"widget\" data-settings=\"{&quot;_animation&quot;:&quot;fadeIn&quot;}\" data-widget_type=\"text-editor.default\">\n\t\t\t\t<div class=\"elementor-widget-container\">\n\t\t\t\t\t\t\t\t\t<p><i>La cure ne remplace pas un traitement allopathique mais peut potentialiser ses effets. C&rsquo;est une aide importante sur le plan \u00e9motionnel et psychologique. <br>J&rsquo;accueille une seule personne \u00e0 la fois sauf si vous venez en couple, entre amis, fr\u00e8re-s\u0153ur, petite fille-grand m\u00e8re&#8230;<\/i><\/p>\t\t\t\t\t\t\t\t<\/div>\n\t\t\t\t<\/div>\n\t\t\t\t\t<\/div>\n\t\t<\/div>\n\t\t\t\t\t<\/div>\n\t\t<\/section>\n\t\t\t\t<\/div>\n\t\t","protected":false},"excerpt":{"rendered":"<p>Cures Ayurv\u00e9diques Vivez au quotidien joie d&rsquo;\u00eatre, sant\u00e9 retrouv\u00e9e et reliance \u00e0 la nature en ce lieu Re-source au c\u0153ur de la Gascogne D\u00c9TENTE . \u00c9COUTE . RESSOURCEMENT . RELIANCE&#8230;<\/p>\n","protected":false},"author":1,"featured_media":0,"parent":0,"menu_order":0,"comment_status":"closed","ping_status":"closed","template":"","meta":{"_kad_post_transparent":"","_kad_post_title":"","_kad_post_layout":"","_kad_post_sidebar_id":"","_kad_post_content_style":"","_kad_post_vertical_padding":"","_kad_post_feature":"","_kad_post_feature_position":"","_kad_post_header":false,"_kad_post_footer":false,"footnotes":""},"class_list":["post-1965","page","type-page","status-publish","hentry"],"_links":{"self":[{"href":"https:\/\/www.lesjardinsdehridaya.fr\/index.php\/wp-json\/wp\/v2\/pages\/1965","targetHints":{"allow":["GET"]}}],"collection":[{"href":"https:\/\/www.lesjardinsdehridaya.fr\/index.php\/wp-json\/wp\/v2\/pages"}],"about":[{"href":"https:\/\/www.lesjardinsdehridaya.fr\/index.php\/wp-json\/wp\/v2\/types\/page"}],"author":[{"embeddable":true,"href":"https:\/\/www.lesjardinsdehridaya.fr\/index.php\/wp-json\/wp\/v2\/users\/1"}],"replies":[{"embeddable":true,"href":"https:\/\/www.lesjardinsdehridaya.fr\/index.php\/wp-json\/wp\/v2\/comments?post=1965"}],"version-history":[{"count":48,"href":"https:\/\/www.lesjardinsdehridaya.fr\/index.php\/wp-json\/wp\/v2\/pages\/1965\/revisions"}],"predecessor-version":[{"id":2882,"href":"https:\/\/www.lesjardinsdehridaya.fr\/index.php\/wp-json\/wp\/v2\/pages\/1965\/revisions\/2882"}],"wp:attachment":[{"href":"https:\/\/www.lesjardinsdehridaya.fr\/index.php\/wp-json\/wp\/v2\/media?parent=1965"}],"curies":[{"name":"wp","href":"https:\/\/api.w.org\/{rel}","templated":true}]}}