{"id":2101,"date":"2023-02-13T16:56:52","date_gmt":"2023-02-13T15:56:52","guid":{"rendered":"http:\/\/www.lesjardinsdehridaya.fr\/?page_id=2101"},"modified":"2023-06-20T17:34:11","modified_gmt":"2023-06-20T15:34:11","slug":"qui-suis-je","status":"publish","type":"page","link":"https:\/\/www.lesjardinsdehridaya.fr\/index.php\/qui-suis-je\/","title":{"rendered":"Qui suis-je ?"},"content":{"rendered":"\t\t<div data-elementor-type=\"wp-page\" data-elementor-id=\"2101\" class=\"elementor elementor-2101\">\n\t\t\t\t\t\t<section class=\"elementor-section elementor-top-section elementor-element elementor-element-8ea8176 elementor-section-full_width elementor-section-height-default elementor-section-height-default\" data-id=\"8ea8176\" data-element_type=\"section\">\n\t\t\t\t\t\t<div class=\"elementor-container elementor-column-gap-default\">\n\t\t\t\t\t<div class=\"elementor-column elementor-col-100 elementor-top-column elementor-element elementor-element-0e11aba\" data-id=\"0e11aba\" data-element_type=\"column\">\n\t\t\t<div class=\"elementor-widget-wrap elementor-element-populated\">\n\t\t\t\t\t\t<div class=\"elementor-element elementor-element-2fbe09b elementor-widget elementor-widget-heading\" data-id=\"2fbe09b\" data-element_type=\"widget\" data-widget_type=\"heading.default\">\n\t\t\t\t<div class=\"elementor-widget-container\">\n\t\t\t\t\t<h2 class=\"elementor-heading-title elementor-size-default\">Qui suis-je ?<\/h2>\t\t\t\t<\/div>\n\t\t\t\t<\/div>\n\t\t\t\t<div class=\"elementor-element elementor-element-f01d73e elementor-widget-divider--view-line elementor-widget elementor-widget-divider\" data-id=\"f01d73e\" data-element_type=\"widget\" data-widget_type=\"divider.default\">\n\t\t\t\t<div class=\"elementor-widget-container\">\n\t\t\t\t\t\t\t<div class=\"elementor-divider\">\n\t\t\t<span class=\"elementor-divider-separator\">\n\t\t\t\t\t\t<\/span>\n\t\t<\/div>\n\t\t\t\t\t\t<\/div>\n\t\t\t\t<\/div>\n\t\t\t\t<div class=\"elementor-element elementor-element-38b2913 elementor-widget__width-inherit elementor-invisible elementor-widget elementor-widget-image\" data-id=\"38b2913\" data-element_type=\"widget\" data-settings=\"{&quot;_animation&quot;:&quot;pulse&quot;}\" data-widget_type=\"image.default\">\n\t\t\t\t<div class=\"elementor-widget-container\">\n\t\t\t\t\t\t\t\t\t\t\t\t\t\t\t<img decoding=\"async\" src=\"https:\/\/www.lesjardinsdehridaya.fr\/wp-content\/uploads\/2023\/03\/nenyphar-de-la-mare-scaled.jpg\" title=\"n\u00e9nyphar de la mare\" alt=\"n\u00e9nyphar de la mare\" loading=\"lazy\" \/>\t\t\t\t\t\t\t\t\t\t\t\t\t\t\t<\/div>\n\t\t\t\t<\/div>\n\t\t\t\t\t<\/div>\n\t\t<\/div>\n\t\t\t\t\t<\/div>\n\t\t<\/section>\n\t\t\t\t<section class=\"elementor-section elementor-top-section elementor-element elementor-element-af03970 elementor-section-boxed elementor-section-height-default elementor-section-height-default\" data-id=\"af03970\" data-element_type=\"section\">\n\t\t\t\t\t\t<div class=\"elementor-container elementor-column-gap-default\">\n\t\t\t\t\t<div class=\"elementor-column elementor-col-100 elementor-top-column elementor-element elementor-element-176f506\" data-id=\"176f506\" data-element_type=\"column\">\n\t\t\t<div class=\"elementor-widget-wrap elementor-element-populated\">\n\t\t\t\t\t\t<div class=\"elementor-element elementor-element-d626f5a elementor-widget elementor-widget-heading\" data-id=\"d626f5a\" data-element_type=\"widget\" data-widget_type=\"heading.default\">\n\t\t\t\t<div class=\"elementor-widget-container\">\n\t\t\t\t\t<h3 class=\"elementor-heading-title elementor-size-default\">Mon histoire, mon parcours ...<\/h3>\t\t\t\t<\/div>\n\t\t\t\t<\/div>\n\t\t\t\t<div class=\"elementor-element elementor-element-4c0b8db elementor-widget elementor-widget-text-editor\" data-id=\"4c0b8db\" data-element_type=\"widget\" data-settings=\"{&quot;_animation&quot;:&quot;none&quot;}\" data-widget_type=\"text-editor.default\">\n\t\t\t\t<div class=\"elementor-widget-container\">\n\t\t\t\t\t\t\t\t\t<p>Amoureuse du sacr\u00e9 et des traditions indiennes, je pratique le yoga d\u00e8s mon adolescence.<\/p>\n<p class=\"Textbody\">Mon d\u00e9sir d\u2019accompagner l\u2019humain vers la sant\u00e9, le bien-\u00eatre int\u00e9rieur m\u2019am\u00e8nent \u00e0 faire des \u00e9tudes param\u00e9dicales (manipulatrice en radiologie) puis m\u00e9dico-sociales ( conseill\u00e8re en \u00e9conomie sociale et familiale) o\u00f9 je travaille pendant 10 ans dans l&rsquo;accompagnement de la maladie mentale. Cette approche tr\u00e8s compartiment\u00e9e ne me satisfait pas et ne fait que renforcer ma qu\u00eate d\u2019un sens global de la vie, de la sant\u00e9.<\/p>\n<p class=\"Textbody\">Des lectures, des rencontres, des formations, un important travail personnel m\u2019am\u00e8nent au fil des ann\u00e9es \u00e0 mieux conna\u00eetre \u00ab qui je suis \u00bb et \u00e0 int\u00e9grer ma place de th\u00e9rapeute.<\/p>\t\t\t\t\t\t\t\t<\/div>\n\t\t\t\t<\/div>\n\t\t\t\t<section class=\"elementor-section elementor-inner-section elementor-element elementor-element-8b1c812 elementor-section-content-middle elementor-section-boxed elementor-section-height-default elementor-section-height-default\" data-id=\"8b1c812\" data-element_type=\"section\">\n\t\t\t\t\t\t<div class=\"elementor-container elementor-column-gap-default\">\n\t\t\t\t\t<div class=\"elementor-column elementor-col-50 elementor-inner-column elementor-element elementor-element-5bb357e\" data-id=\"5bb357e\" data-element_type=\"column\">\n\t\t\t<div class=\"elementor-widget-wrap elementor-element-populated\">\n\t\t\t\t\t\t<div class=\"elementor-element elementor-element-7da5597 elementor-widget elementor-widget-heading\" data-id=\"7da5597\" data-element_type=\"widget\" data-widget_type=\"heading.default\">\n\t\t\t\t<div class=\"elementor-widget-container\">\n\t\t\t\t\t<h3 class=\"elementor-heading-title elementor-size-default\">Des rencontres ...<\/h3>\t\t\t\t<\/div>\n\t\t\t\t<\/div>\n\t\t\t\t<div class=\"elementor-element elementor-element-0976468 elementor-widget elementor-widget-text-editor\" data-id=\"0976468\" data-element_type=\"widget\" data-settings=\"{&quot;_animation&quot;:&quot;none&quot;}\" data-widget_type=\"text-editor.default\">\n\t\t\t\t<div class=\"elementor-widget-container\">\n\t\t\t\t\t\t\t\t\t<p class=\"Textbody\">La rencontre avec Archie Fire Lame Deer en 1995 m\u2019initie \u00e0 la tradition Sioux Lakota, aux huttes \u00e0 sudation, \u00e0 la tradition chamanique.<\/p>\n<p class=\"Textbody\">Je commence en 2004 une formation certifiante en Ayurv\u00e9da pendant 5 ans (di\u00e9t\u00e9tique, nutrition, rasayanas, massages, m\u00e9ditation\u2026) qui am\u00e8ne une reliance corps-\u00e2me-esprit, reliance n\u00e9cessaire pour comprendre et soigner les processus douloureux que nous portons tous.<\/p>\n<p class=\"Textbody\">Suivront plusieurs formations aupr\u00e8s de Patrick Drouot qui compl\u00e8tent ma vision globale et sacr\u00e9e de l\u2019humain : Th\u00e9rapies \u00e9nerg\u00e9tiques et vibratoires ( lib\u00e9ration des m\u00e9moires de l&rsquo;enfance et des vies pass\u00e9es) sciences de la conscience, th\u00e9rapie quantique ( les cryptes min\u00e9rales et soins de Lumi\u00e8re).<\/p>\n<p class=\"Textbody\">Diff\u00e9rents stages et pratiques de yoga notamment avec Babacar Khane compl\u00e8tent ma connaissance du yoga.<\/p>\n<p class=\"Textbody\">Patrick Torre, dirigeant de la f\u00e9d\u00e9ration fran\u00e7aise de l\u2019\u00e9cole de yoga du son me forme au professorat de yoga du son et de m\u00e9ditation, \u00e0 la phonath\u00e9rapie.<\/p>\n<p class=\"Textbody\">Voyages en Inde dans diff\u00e9rents ashrams, au Japon\u2026 approfondissent ma connaissance du yoga, et l\u2019enseignement des grands Ma\u00eetres, de la voie chamanique.<\/p>\t\t\t\t\t\t\t\t<\/div>\n\t\t\t\t<\/div>\n\t\t\t\t\t<\/div>\n\t\t<\/div>\n\t\t\t\t<div class=\"elementor-column elementor-col-50 elementor-inner-column elementor-element elementor-element-3dcce62\" data-id=\"3dcce62\" data-element_type=\"column\">\n\t\t\t<div class=\"elementor-widget-wrap elementor-element-populated\">\n\t\t\t\t\t\t<div class=\"elementor-element elementor-element-1889b9f elementor-widget elementor-widget-image\" data-id=\"1889b9f\" data-element_type=\"widget\" data-widget_type=\"image.default\">\n\t\t\t\t<div class=\"elementor-widget-container\">\n\t\t\t\t\t\t\t\t\t\t\t\t\t\t\t<img fetchpriority=\"high\" decoding=\"async\" width=\"768\" height=\"1024\" src=\"https:\/\/www.lesjardinsdehridaya.fr\/wp-content\/uploads\/2023\/01\/sylvie-icart-fabiol-meditation-yoga-2022-768x1024.jpg\" class=\"attachment-large size-large wp-image-1612\" alt=\"\" srcset=\"https:\/\/www.lesjardinsdehridaya.fr\/wp-content\/uploads\/2023\/01\/sylvie-icart-fabiol-meditation-yoga-2022-768x1024.jpg 768w, https:\/\/www.lesjardinsdehridaya.fr\/wp-content\/uploads\/2023\/01\/sylvie-icart-fabiol-meditation-yoga-2022-300x400.jpg 300w, https:\/\/www.lesjardinsdehridaya.fr\/wp-content\/uploads\/2023\/01\/sylvie-icart-fabiol-meditation-yoga-2022.jpg 960w\" sizes=\"(max-width: 768px) 100vw, 768px\" \/>\t\t\t\t\t\t\t\t\t\t\t\t\t\t\t<\/div>\n\t\t\t\t<\/div>\n\t\t\t\t\t<\/div>\n\t\t<\/div>\n\t\t\t\t\t<\/div>\n\t\t<\/section>\n\t\t\t\t<section class=\"elementor-section elementor-inner-section elementor-element elementor-element-db9881b elementor-section-boxed elementor-section-height-default elementor-section-height-default\" data-id=\"db9881b\" data-element_type=\"section\">\n\t\t\t\t\t\t<div class=\"elementor-container elementor-column-gap-default\">\n\t\t\t\t\t<div class=\"elementor-column elementor-col-100 elementor-inner-column elementor-element elementor-element-25fb8b1\" data-id=\"25fb8b1\" data-element_type=\"column\">\n\t\t\t<div class=\"elementor-widget-wrap elementor-element-populated\">\n\t\t\t\t\t\t<div class=\"elementor-element elementor-element-d46e297 elementor-widget elementor-widget-heading\" data-id=\"d46e297\" data-element_type=\"widget\" data-widget_type=\"heading.default\">\n\t\t\t\t<div class=\"elementor-widget-container\">\n\t\t\t\t\t<h3 class=\"elementor-heading-title elementor-size-default\">Le d\u00e9veloppement de l'activit\u00e9...<\/h3>\t\t\t\t<\/div>\n\t\t\t\t<\/div>\n\t\t\t\t<div class=\"elementor-element elementor-element-fa2b3da elementor-widget elementor-widget-text-editor\" data-id=\"fa2b3da\" data-element_type=\"widget\" data-settings=\"{&quot;_animation&quot;:&quot;none&quot;}\" data-widget_type=\"text-editor.default\">\n\t\t\t\t<div class=\"elementor-widget-container\">\n\t\t\t\t\t\t\t\t\t<p class=\"Textbody\">J\u2019ouvre mon cabinet de soins \u00e0 Moncrabeau en 2005. Le cabinet est un lieu d\u2019\u00e9coute, d&rsquo;accompagnement et de soins individuels o\u00f9 l\u2019intime est respect\u00e9. Les massages sont mes premi\u00e8res pratiques qui s&rsquo;\u00e9tofferont au fur et \u00e0 mesure des formations.<\/p><p class=\"Textbody\">Les cours de yoga d\u00e9butent en 2008 \u00e0 l&rsquo;\u00e9cole du village. Malgr\u00e9 leur succ\u00e8s, le covid y mettra fin. Ils reprendront ensuite dans mon nouveau lieu&#8230;<\/p><p class=\"Textbody\">En 2016, je cr\u00e9e avec mon ex-compagnon \u00ab\u00a0Les jardins de Hridaya\u00a0\u00bb, un lieu Ressource \u00e0 Larroque sur l&rsquo;Osse dans le Gers. Ainsi, se rejoignent et s&rsquo;unissent mes diff\u00e9rentes formations, pratiques et exp\u00e9riences pour vous accompagner \u00e0 d\u00e9couvrir votre voix , votre v\u00e9ritable nature.<\/p><p class=\"Textbody\">La simplicit\u00e9 est un point essentiel dans ma vie. Au del\u00e0 des soins et des cours, la porte est toujours ouverte pour un th\u00e9, un \u00e9change au jardin, une aide au quotidien.<\/p><p class=\"Textbody\" style=\"text-align: justify;\">\u00a0<\/p>\t\t\t\t\t\t\t\t<\/div>\n\t\t\t\t<\/div>\n\t\t\t\t\t<\/div>\n\t\t<\/div>\n\t\t\t\t\t<\/div>\n\t\t<\/section>\n\t\t\t\t\t<\/div>\n\t\t<\/div>\n\t\t\t\t\t<\/div>\n\t\t<\/section>\n\t\t\t\t<section class=\"elementor-section elementor-top-section elementor-element elementor-element-1234b96 elementor-section-full_width elementor-section-stretched elementor-section-height-default elementor-section-height-default\" data-id=\"1234b96\" data-element_type=\"section\" data-settings=\"{&quot;stretch_section&quot;:&quot;section-stretched&quot;,&quot;background_background&quot;:&quot;classic&quot;}\">\n\t\t\t\t\t\t<div class=\"elementor-container elementor-column-gap-default\">\n\t\t\t\t\t<div class=\"elementor-column elementor-col-100 elementor-top-column elementor-element elementor-element-89ceb93\" data-id=\"89ceb93\" data-element_type=\"column\">\n\t\t\t<div class=\"elementor-widget-wrap elementor-element-populated\">\n\t\t\t\t\t\t<div class=\"elementor-element elementor-element-d33e6aa animated-slow elementor-invisible elementor-widget elementor-widget-text-editor\" data-id=\"d33e6aa\" data-element_type=\"widget\" data-settings=\"{&quot;_animation&quot;:&quot;fadeIn&quot;}\" data-widget_type=\"text-editor.default\">\n\t\t\t\t<div class=\"elementor-widget-container\">\n\t\t\t\t\t\t\t\t\t<p><b><i>L&rsquo;essentiel se trouve en cette force qui relie toute chose. Aux jardins de Hridaya, nous apprenons \u00e0 l&rsquo;honorer, \u00e0 la partager\u2026\u00a0<br \/><\/i><\/b><b><i>Elle s&rsquo;appelle Amour\u00a0!<\/i><\/b><\/p>\t\t\t\t\t\t\t\t<\/div>\n\t\t\t\t<\/div>\n\t\t\t\t\t<\/div>\n\t\t<\/div>\n\t\t\t\t\t<\/div>\n\t\t<\/section>\n\t\t\t\t<\/div>\n\t\t","protected":false},"excerpt":{"rendered":"<p>Qui suis-je ? Mon histoire, mon parcours &#8230; Amoureuse du sacr\u00e9 et des traditions indiennes, je pratique le yoga d\u00e8s mon adolescence. Mon d\u00e9sir d\u2019accompagner l\u2019humain vers la sant\u00e9, le&#8230;<\/p>\n","protected":false},"author":1,"featured_media":0,"parent":0,"menu_order":0,"comment_status":"closed","ping_status":"closed","template":"","meta":{"_kad_post_transparent":"","_kad_post_title":"","_kad_post_layout":"","_kad_post_sidebar_id":"","_kad_post_content_style":"","_kad_post_vertical_padding":"","_kad_post_feature":"","_kad_post_feature_position":"","_kad_post_header":false,"_kad_post_footer":false,"footnotes":""},"class_list":["post-2101","page","type-page","status-publish","hentry"],"_links":{"self":[{"href":"https:\/\/www.lesjardinsdehridaya.fr\/index.php\/wp-json\/wp\/v2\/pages\/2101","targetHints":{"allow":["GET"]}}],"collection":[{"href":"https:\/\/www.lesjardinsdehridaya.fr\/index.php\/wp-json\/wp\/v2\/pages"}],"about":[{"href":"https:\/\/www.lesjardinsdehridaya.fr\/index.php\/wp-json\/wp\/v2\/types\/page"}],"author":[{"embeddable":true,"href":"https:\/\/www.lesjardinsdehridaya.fr\/index.php\/wp-json\/wp\/v2\/users\/1"}],"replies":[{"embeddable":true,"href":"https:\/\/www.lesjardinsdehridaya.fr\/index.php\/wp-json\/wp\/v2\/comments?post=2101"}],"version-history":[{"count":16,"href":"https:\/\/www.lesjardinsdehridaya.fr\/index.php\/wp-json\/wp\/v2\/pages\/2101\/revisions"}],"predecessor-version":[{"id":2365,"href":"https:\/\/www.lesjardinsdehridaya.fr\/index.php\/wp-json\/wp\/v2\/pages\/2101\/revisions\/2365"}],"wp:attachment":[{"href":"https:\/\/www.lesjardinsdehridaya.fr\/index.php\/wp-json\/wp\/v2\/media?parent=2101"}],"curies":[{"name":"wp","href":"https:\/\/api.w.org\/{rel}","templated":true}]}}